{"id":7630,"date":"2022-06-15T22:06:39","date_gmt":"2022-06-15T20:06:39","guid":{"rendered":"https:\/\/iginogiordani.info\/?page_id=7630"},"modified":"2022-06-15T22:06:39","modified_gmt":"2022-06-15T20:06:39","slug":"note-legali","status":"publish","type":"page","link":"https:\/\/iginogiordani.info\/en\/note-legali\/","title":{"rendered":"Note Legali"},"content":{"rendered":"<div class=\"fusion-fullwidth fullwidth-box fusion-builder-row-1 fusion-flex-container nonhundred-percent-fullwidth non-hundred-percent-height-scrolling\" style=\"background-color: rgba(255,255,255,0);background-position: center center;background-repeat: no-repeat;border-width: 0px 0px 0px 0px;border-color:#e2e2e2;border-style:solid;\" ><div class=\"fusion-builder-row fusion-row fusion-flex-align-items-flex-start\" style=\"max-width:1248px;margin-left: calc(-4% \/ 2 );margin-right: calc(-4% \/ 2 );\"><div class=\"fusion-layout-column fusion_builder_column fusion-builder-column-0 fusion_builder_column_1_1 1_1 fusion-flex-column\"><div class=\"fusion-column-wrapper fusion-flex-justify-content-flex-start fusion-content-layout-column\" style=\"background-position:left top;background-blend-mode: overlay;background-repeat:no-repeat;-webkit-background-size:cover;-moz-background-size:cover;-o-background-size:cover;background-size:cover;padding: 0px 0px 0px 0px;\"><div class=\"fusion-text fusion-text-1\"><p>Ti preghiamo di leggere attentamente le seguenti condizioni d\u2019uso poich\u00e9 riguardano chiunque visiti il sito. Se decidi di utilizzare questo sito acconsenti a rispettare quanto di seguito indicato.<\/p>\n<h2>Informazioni contenute nel sito e responsabilit\u00e0<\/h2>\n<p>Questo sito \u00e8 gestito dal Centro Igino Giordani con sede in Rocca di Papa (Roma), Via Frascati, 306.<\/p>\n<p>Il sito www.iginogiordani.info e le informazioni in esso contenute hanno puro scopo informativo e il Centro Igino Giordani compie ogni sforzo per fornire informazioni precise ed aggiornate ma non assume la responsabilit\u00e0 n\u00e9 assicura la completezza delle notizie in esso contenute. Il Centro Igino Giordani si riserva di modificare questo sito e le informazioni in esso contenute in qualsiasi momento e senza alcun preavviso.<\/p>\n<p>Il Centro Igino Giordani non \u00e8 responsabile per eventuali danni diretti o indiretti derivanti dall\u2019accesso nel sito www.iginogiordani.info.<\/p>\n<p>L\u2019utente del sito \u00e8 da ritenersi l\u2019unico responsabile per i dati e le informazioni da lui immesse, per le opinioni espresse nelle aree di discussione sia pubbliche che private, e per tutte le azioni che in qualsiasi modo prevedano un\u2019interazione con gli altri utenti o con il sito www.iginogiordani.info.<\/p>\n<h2>Propriet\u00e0 dei dati<\/h2>\n<p>L\u2019intero contenuto del sito www.iginogiordani.info \u00e8 di propriet\u00e0 del Centro Igino Giordani ed \u00e8 coperto da Licenza Creative Commons, salvo quando diversamente specificato.<\/p>\n<h2>Collegamenti ad altri siti<\/h2>\n<p>I collegamenti a siti di terze parti sono pubblicati in questo sito soltanto per comodit\u00e0 dell\u2019utente. Il Centro Igino Giordani non esprime alcuna opinione sul contenuto di tali siti e non \u00e8 responsabile delle informazioni in essi contenute.<\/p>\n<h2>Pareri di esperti<\/h2>\n<p>Questo sito pu\u00f2 presentare le opinioni di esperti e il Centro Igino Giordani non \u00e8 responsabile dell\u2019accuratezza o completezza delle informazioni od opinioni da essi fornite.<\/p>\n<h2>Tutela della riservatezza<\/h2>\n<p>Il Centro Igino Giordani tutela la riservatezza dei visitatori del sito www.iginogiordani.info. In relazione al sito www.iginogiordani.info il Centro Igino Giordani utilizzer\u00e0 informazioni di identificazione del visitatore quando vengano da questo volontariamente fornite. Fornendo i dati personali viene prestato il consenso alla raccolta, all\u2019uso, alla memorizzazione e all\u2019elaborazione dei dati per solo uso interno. I dati raccolti verranno utilizzati:<\/p>\n<ul>\n<li>per il controllo dell&#8217;accesso al sito internet;<\/li>\n<li>per aggiornamenti e novit\u00e0 presenti sul sito;<\/li>\n<li>per l\u2019elaborazione di dati statistici aggregati relativi ai vari servizi disponibili sul sito.<\/li>\n<\/ul>\n<p>Per ulteriori approfondimenti \u00e8 possibile consultare il documento relativo alle norme sulla <a href=\"index.php?option=com_content&amp;task=view&amp;id=53&amp;Itemid=97\" target=\"_self\" rel=\"noopener\">privacy<\/a>.<\/p>\n<p>Se il visitatore desidera non ricevere pi\u00f9 corrispondenza e\/o e-mail da parte nostra, pu\u00f2 inviare un\u2019e-mail o una lettera con la quale informa che non desidera pi\u00f9 ricevere corrispondenza e\/o e-mail dal Centro Igino Giordani.<\/p>\n<\/div><\/div><style type=\"text\/css\">.fusion-body .fusion-builder-column-0{width:100% !important;margin-top : 0px;margin-bottom : 0px;}.fusion-builder-column-0 > .fusion-column-wrapper {padding-top : 0px !important;padding-right : 0px !important;margin-right : 1.92%;padding-bottom : 0px !important;padding-left : 0px !important;margin-left : 1.92%;}@media only screen and (max-width:900px) {.fusion-body .fusion-builder-column-0{width:100% !important;}.fusion-builder-column-0 > .fusion-column-wrapper {margin-right : 1.92%;margin-left : 1.92%;}}@media only screen and (max-width:640px) {.fusion-body .fusion-builder-column-0{width:100% !important;}.fusion-builder-column-0 > .fusion-column-wrapper {margin-right : 1.92%;margin-left : 1.92%;}}<\/style><\/div><\/div><style type=\"text\/css\">.fusion-body .fusion-flex-container.fusion-builder-row-1{ padding-top : 0px;margin-top : 0px;padding-right : 0px;padding-bottom : 0px;margin-bottom : 0px;padding-left : 0px;}<\/style><\/div>\n","protected":false},"excerpt":{"rendered":"","protected":false},"author":1,"featured_media":0,"parent":0,"menu_order":0,"comment_status":"closed","ping_status":"closed","template":"","meta":{"footnotes":""},"class_list":["post-7630","page","type-page","status-publish","hentry"],"_links":{"self":[{"href":"https:\/\/iginogiordani.info\/en\/wp-json\/wp\/v2\/pages\/7630","targetHints":{"allow":["GET"]}}],"collection":[{"href":"https:\/\/iginogiordani.info\/en\/wp-json\/wp\/v2\/pages"}],"about":[{"href":"https:\/\/iginogiordani.info\/en\/wp-json\/wp\/v2\/types\/page"}],"author":[{"embeddable":true,"href":"https:\/\/iginogiordani.info\/en\/wp-json\/wp\/v2\/users\/1"}],"replies":[{"embeddable":true,"href":"https:\/\/iginogiordani.info\/en\/wp-json\/wp\/v2\/comments?post=7630"}],"version-history":[{"count":1,"href":"https:\/\/iginogiordani.info\/en\/wp-json\/wp\/v2\/pages\/7630\/revisions"}],"predecessor-version":[{"id":7632,"href":"https:\/\/iginogiordani.info\/en\/wp-json\/wp\/v2\/pages\/7630\/revisions\/7632"}],"wp:attachment":[{"href":"https:\/\/iginogiordani.info\/en\/wp-json\/wp\/v2\/media?parent=7630"}],"curies":[{"name":"wp","href":"https:\/\/api.w.org\/{rel}","templated":true}]}}